{"id":52,"date":"2014-07-11T13:42:57","date_gmt":"2014-07-11T11:42:57","guid":{"rendered":"http:\/\/adhocsound.be\/?page_id=52"},"modified":"2014-07-11T13:42:57","modified_gmt":"2014-07-11T11:42:57","slug":"le-son-des-choses","status":"publish","type":"page","link":"http:\/\/adhocsound.be\/?page_id=52","title":{"rendered":"\u00ab\u00a0Le son des choses.\u00a0\u00bb"},"content":{"rendered":"<p>C\u2019est la rentr\u00e9e. On a encore un peu de sable dans les chaussures et derri\u00e8re les yeux les\u00a0paysages de l\u2019\u00e9t\u00e9, des jeux de lumi\u00e8re \u00e0 la surface de l\u2019eau, des pi\u00e8ces baign\u00e9es de soleil. Le\u00a0son des grillons fera chanter la campagne jusqu\u2019\u00e0 octobre. Au calme des soir\u00e9es chaudes\u00a0succ\u00e9deront des ambiances sonores envahissantes et l\u2019espace de silence se r\u00e9tr\u00e9cira \u00e0 mesure\u00a0que chacun retournera \u00e0 ses activit\u00e9s. Peu de gens sont sensibles \u00e0 l\u2019univers sonore qui les\u00a0entoure et qui est souvent confondu avec l\u2019environnement global. Les ing\u00e9nieurs du son ont\u00a0l\u2019oreille fine et ils parcourent l\u2019espace en explorateurs. Le paysage sonore est riche et vari\u00e9. Il\u00a0parle aux oreilles qui savent l\u2019\u00e9couter. Pourquoi ne pas y aller faire une petite ballade ?\u00a0Les oreilles ne s\u2019endorment jamais. A moins qu\u2019on les bouche, impossible de se soustraire\u00a0aux sons qui nous entourent. Si on entend 24 heures sur 24, on n\u2019\u00e9coute que tr\u00e8s peu. Les\u00a0messages que le monde nous envoie sont tr\u00e8s nombreux et il existe des milliers d\u2019objets\u00a0sonores \u00e0 identifier. L\u2019\u00e9coute est surtout pratiqu\u00e9e lors des conversations ou lorsqu\u2019on assiste\u00a0\u00e0 des r\u00e9unions. En fait, une grosse majorit\u00e9 des \u00eatres vivants \u00e9quip\u00e9s de deux oreilles n\u2019\u00e9coute\u00a0pratiquement jamais que des paroles (des messages) ou de la musique, le plus souvent comme\u00a0bruit de fond. Le silence est pourchass\u00e9 un peu partout : des milliards de haut-parleurs\u00a0distillent une musique sirupeuse dans le m\u00e9tro, au supermarch\u00e9, dans les rues pi\u00e9tonnes, dans\u00a0les ascenseurs\u2026 C\u2019est un peu comme le papier peint sur les murs : \u00e7a donne une impression\u00a0d\u2019ensemble, \u00e7a camoufle les murs mais \u00e7a ne raconte rien. En camouflant le silence, on\u00a0dissimule aussi les bruits de la vie. Comme si la vie, quand il s\u2019agit de vibrations de l\u2019air, \u00e7a\u00a0devait se cacher. En fait, on perd toute une dimension. A la naissance, l\u2019enfant pousse un cri.\u00a0En d\u00e9pliant ses poumons, le b\u00e9b\u00e9 prend conscience de lui-m\u00eame et de l\u2019espace qui l\u2019entoure.\u00a0Ses oreilles fonctionnent d\u00e9j\u00e0 depuis un bout de temps et ont connu un monde sonore qui\u00a0filtrait \u00e0 travers un milieu liquide. Avec l\u2019air, il va retrouver des \u00e9l\u00e9ments rassurants qui\u00a0ressemblent \u00e0 ses souvenirs d\u2019avant. La voix de la m\u00e8re fera le lien. Les autres bruits ou\u00a0musiques seront reconnus et l\u2019apprentissage de l\u2019\u00e9coute va commencer. Quelques mois plus\u00a0tard, il go\u00fbtera sa voix et avec le babil, il explorera l\u2019espace sonore de sa chambre ou de la\u00a0salle de bains. Vous savez bien, l\u00e0 o\u00f9 on ne peut que difficilement s\u2019emp\u00eacher de chanter ou\u00a0de siffloter. Parce qu\u2019on a besoin de se situer dans l\u2019espace et de se retrouver, soi au milieu du\u00a0monde. En prenant conscience de ce petit jeu entre le monde et notre personnage sonore, on\u00a0\u00e9quilibre notre relation avec lui. En \u00eatre conscient c\u2019est augmenter son espace de vie et le\u00a0plaisir de se sentir bien. Quand la sensibilit\u00e9 n\u2019existe presque pas, on subit des situations dans\u00a0lesquelles on dispara\u00eet. Le bruit est la cause de maladies nerveuses : on arrive difficilement \u00e0\u00a0s\u2019y soustraire et il nous pousse vers l\u2019isolement. En subissant le bruit comme une agression,\u00a0on rejette toute une partie du monde qui devient de plus en plus difficile \u00e0 comprendre. La\u00a0limite inf\u00e9rieure du silence, c\u2019est notre propre bruit. Les acousticiens ont d\u00e9fini la limite\u00a0d\u2019audibilit\u00e9 d\u2019un son comme le son le plus faible que peut percevoir un \u00eatre humain. En fait,\u00a0le silence est limit\u00e9 par le niveau de bruit que nous produisons pour assurer nos fonctions\u00a0vitales : la respiration, le battement du coeur, le bruit du sang qui circule. Rechercher le silence\u00a0absolu c\u2019est se retrouver face \u00e0 soi-m\u00eame, lorsqu\u2019on a \u00e9limin\u00e9 tous les autres bruits, produits\u00a0par tous les autres. Il para\u00eet que c\u2019est insupportable. Le bruit intense sert aussi \u00e0 certains pour\u00a0s\u2019isoler du monde : un casque viss\u00e9 sur les oreilles et une \u00e9coute \u00e0 niveau \u00e9lev\u00e9 d\u2019une\u00a0musique la plus dense possible, plus rien ne filtre. En flirtant avec les niveaux sonores \u00e9lev\u00e9s,\u00a0l\u2019oreille se d\u00e9t\u00e9riore d\u00e9finitivement et on se retrouve sans espoir de retour plong\u00e9 dans un\u00a0silence pesant. Bruit extr\u00eame et silence, bruits masqu\u00e9s et silence meubl\u00e9 sont des \u00e9tats z\u00e9ro\u00a0de la communication. La richesse que nous offre le monde sonore et la vari\u00e9t\u00e9 de ses paysages\u00a0sont indispensables \u00e0 notre \u00e9quilibre. Le petit monde du son : monteurs, mixeurs, preneurs de\u00a0son sont des d\u00e9gustateurs exp\u00e9riment\u00e9s : ils connaissent un monde dans lequel ils s\u2019ennuient\u00a0rarement. Ils accumulent des points de rep\u00e8re et sont intarissables quand il s\u2019agit de partager\u00a0leurs exp\u00e9riences. La communication audiovisuelle repose sur la construction d\u2019images\u00a0visuelles ou sonores. On s\u2019attache souvent \u00e0 l\u2019image seule, en r\u00e9duisant le son \u00e0 un texte ou \u00e0\u00a0une musique, parce que c\u2019est facile. Mais quand on conna\u00eet l\u2019influence importante des\u00a0paysages sonores travers\u00e9s le plus souvent de mani\u00e8re inconsciente par la majorit\u00e9, tout un\u00a0espace cr\u00e9atif s\u2019ouvre. R\u00e9veiller un sens est un travail passionnant. Les \u00ab travailleurs du son \u00bb\u00a0sont des gens passionn\u00e9s. A l\u2019heure o\u00f9 les moyens techniques deviennent de plus en plus\u00a0confortables, les possibilit\u00e9s cr\u00e9atives se lib\u00e8rent des contraintes impos\u00e9es autrefois par la\u00a0technique. En se promenant dans le paysage sonore avec les oreilles bien ouvertes il suffit de\u00a0cueillir les id\u00e9es. Commencer \u00e0 entendre, c\u2019est rendre possible la communication. Il n\u2019est de\u00a0pire entendant que celui qui veut entendre ! Bonne promenade.<\/p>\n<p>Philippe Vandendriessche<\/p>\n","protected":false},"excerpt":{"rendered":"<p>C\u2019est la rentr\u00e9e. On a encore un peu de sable dans les chaussures et derri\u00e8re les yeux les\u00a0paysages de l\u2019\u00e9t\u00e9, des jeux de lumi\u00e8re \u00e0 la surface de l\u2019eau, des pi\u00e8ces baign\u00e9es de soleil. Le\u00a0son des grillons fera chanter la campagne jusqu\u2019\u00e0 octobre. Au calme des soir\u00e9es chaudes\u00a0succ\u00e9deront des ambiances sonores envahissantes et l\u2019espace de &hellip; <\/p>\n<p class=\"link-more\"><a href=\"http:\/\/adhocsound.be\/?page_id=52\" class=\"more-link\">Continuer la lecture<span class=\"screen-reader-text\"> de &laquo;&nbsp;\u00ab\u00a0Le son des choses.\u00a0\u00bb&nbsp;&raquo;<\/span><\/a><\/p>\n","protected":false},"author":1,"featured_media":0,"parent":46,"menu_order":0,"comment_status":"closed","ping_status":"open","template":"","meta":{"footnotes":""},"class_list":["post-52","page","type-page","status-publish","hentry"],"_links":{"self":[{"href":"http:\/\/adhocsound.be\/index.php?rest_route=\/wp\/v2\/pages\/52"}],"collection":[{"href":"http:\/\/adhocsound.be\/index.php?rest_route=\/wp\/v2\/pages"}],"about":[{"href":"http:\/\/adhocsound.be\/index.php?rest_route=\/wp\/v2\/types\/page"}],"author":[{"embeddable":true,"href":"http:\/\/adhocsound.be\/index.php?rest_route=\/wp\/v2\/users\/1"}],"replies":[{"embeddable":true,"href":"http:\/\/adhocsound.be\/index.php?rest_route=%2Fwp%2Fv2%2Fcomments&post=52"}],"version-history":[{"count":1,"href":"http:\/\/adhocsound.be\/index.php?rest_route=\/wp\/v2\/pages\/52\/revisions"}],"predecessor-version":[{"id":53,"href":"http:\/\/adhocsound.be\/index.php?rest_route=\/wp\/v2\/pages\/52\/revisions\/53"}],"up":[{"embeddable":true,"href":"http:\/\/adhocsound.be\/index.php?rest_route=\/wp\/v2\/pages\/46"}],"wp:attachment":[{"href":"http:\/\/adhocsound.be\/index.php?rest_route=%2Fwp%2Fv2%2Fmedia&parent=52"}],"curies":[{"name":"wp","href":"https:\/\/api.w.org\/{rel}","templated":true}]}}