{"id":54,"date":"2014-07-11T13:46:37","date_gmt":"2014-07-11T11:46:37","guid":{"rendered":"http:\/\/adhocsound.be\/?page_id=54"},"modified":"2014-07-11T13:56:24","modified_gmt":"2014-07-11T11:56:24","slug":"les-empereurs-du-jargon","status":"publish","type":"page","link":"http:\/\/adhocsound.be\/?page_id=54","title":{"rendered":"\u00ab\u00a0Les Empereurs du Jargon.\u00a0\u00bb"},"content":{"rendered":"<p>Le tournage d&rsquo;un film est un mouvement collectif de cr\u00e9ation. Les sp\u00e9cialistes de l&rsquo;image, du son,\u00a0de la lumi\u00e8re, du d\u00e9cor, des costumes, du maquillage, de la coiffure, tous sont r\u00e9unis autour du r\u00e9alisateur pour\u00a0faire exister un projet sur la pellicule. L&rsquo;\u00e9quipe du film, c&rsquo;est tout un monde de sp\u00e9cialistes,\u00a0organis\u00e9s selon une hi\u00e9rarchie savante pour d\u00e9limiter l&rsquo;espace de comp\u00e9tences de chacun. Cette\u00a0machine humaine se met en marche et s&rsquo;organise gr\u00e2ce au travail de l&rsquo;assistant r\u00e9alisateur. Il g\u00e8re\u00a0le temps et veille \u00e0 ce que tout soit r\u00e9uni pour que la magie puisse exister sur la pellicule.\u00a0L&rsquo;assistant r\u00e9alisateur a un r\u00f4le ingrat, il sert de tampon entre le r\u00e9alisateur et l&rsquo;\u00e9quipe. Mais son\u00a0travail a des aspects savoureux. Le jargon de l&rsquo;assistant, c&rsquo;est l&rsquo;ambiance du plateau. L&rsquo;id\u00e9e m&rsquo;est venue de noter toutes ces phrases dans un carnet et, les ayant fait lire \u00e0 quelques\u00a0personnes, je me suis rendu compte que c&rsquo;est&#8230; de la po\u00e9sie. On plonge dans\u00a0l&rsquo;ambiance du plateau, on aper\u00e7oit la face cach\u00e9e: ce qu&rsquo;il se passe derri\u00e8re la cam\u00e9ra avant le mot \u00ab\u00a0<em>Moteur<\/em>\u00ab\u00a0.\u00a0On commence d&rsquo;abord par des mises en place:\u00a0\u00ab\u00a0<em>On va tricher la table<\/em>\u00ab\u00a0, \u00ab\u00a0<em>Les figurants, vous faites semblant (de boire, de manger, de parler\u2026)<\/em>\u00ab\u00a0,\u00a0\u00ab\u00a0<em>On le fait \u00e0 l&rsquo;\u00e9paule ou sur pied?<\/em>\u00ab\u00a0, \u00ab\u00a0<em>Ne regardez pas la cam\u00e9ra<\/em>\u00ab\u00a0, \u00ab\u00a0<em>On n&rsquo;a qu&rsquo;\u00e0 lui mettre un boudin\u00a0pour sa place de fin<\/em>\u00ab\u00a0, \u00ab\u00a0<em>On peut sucrer la table<\/em>\u00ab\u00a0, \u00ab\u00a0<em>Passez-moi une cale-sifflet<\/em>\u00ab\u00a0, \u00ab\u00a0<em>Il sortira gauche\u00a0cadre<\/em>\u00ab\u00a0, \u00ab\u00a0<em>Encore un poil plus<\/em>\u00ab\u00a0, \u00ab\u00a0<em>Il faut anticiper l\u00e9g\u00e8rement<\/em>\u00ab\u00a0.\u00a0Alors l&rsquo;acteur arrive: \u00ab\u00a0<em>On va faire une m\u00e9canique<\/em>\u00ab\u00a0, \u00ab\u00a0<em>On rentre en r\u00e9p\u00e9tition<\/em>\u00ab\u00a0, \u00ab\u00a0<em>Je r\u00e8gle les\u00a0regards<\/em>\u00ab\u00a0, \u00ab\u00a0<em>On fait les points<\/em>\u00ab\u00a0, \u00ab\u00a0<em>Il n&rsquo;est pas dans ses marques<\/em>\u00ab\u00a0, \u00ab\u00a0<em>D\u00e9visse-toi un peu<\/em>\u00ab\u00a0, \u00ab\u00a0<em>On branche\u00a0le retour<\/em>\u00ab\u00a0. L&rsquo;\u00e9quipe doit se discipliner: \u00ab\u00a0<em>Silence!<\/em>\u00ab\u00a0, \u00ab\u00a0<em>Qu&rsquo;est-ce qu&rsquo;on attend?<\/em>\u00ab\u00a0, \u00ab\u00a0<em>O\u00f9 est la\u00a0maquilleuse?<\/em>\u00ab\u00a0, \u00ab\u00a0<em>On reste concentr\u00e9s<\/em>\u00ab\u00a0, \u00ab\u00a0<em>On coupe les GSM<\/em>\u00a0\u00bb ou bien \u00ab\u00a0<em>Coupez les portables<\/em>\u00ab\u00a0, \u00ab\u00a0<em>Tout\u00a0le monde reste en place<\/em>\u00ab\u00a0, \u00ab\u00a0<em>Je voudrais un vrai silence<\/em>\u00ab\u00a0, \u00ab\u00a0<em>On laisse travailler la lumi\u00e8re<\/em>\u00ab\u00a0.\u00a0On va bient\u00f4t tourner: \u00ab\u00a0<em>En place!<\/em>\u00ab\u00a0, \u00ab\u00a0<em>Qu&rsquo;est-ce qui emp\u00eache?<\/em>\u00ab\u00a0, \u00ab\u00a0<em>C&rsquo;est quand on veut!<\/em>\u00ab\u00a0, \u00ab\u00a0<em>On attend\u00a0pour l&rsquo;avion<\/em>\u00ab\u00a0, \u00ab\u00a0<em>Allez! Allons-y<\/em>\u00ab\u00a0, \u00ab\u00a0<em>On fera un clap de fin<\/em>\u00ab\u00a0, \u00ab\u00a0<em>On bloque la circulation<\/em>\u00ab\u00a0, \u00ab\u00a0<em>On lib\u00e8re le\u00a0champ<\/em>\u00ab\u00a0, \u00ab\u00a0<em>Envoyez la pluie<\/em>\u00ab\u00a0, \u00ab\u00a0<em>On ajoute un peu de fum\u00e9e<\/em>\u00ab\u00a0, \u00ab\u00a0<em>On est bons, on y va!<\/em>\u00ab\u00a0, \u00ab\u00a0<em>On attend un\u00a0drapeau et on y va<\/em>\u00ab\u00a0, \u00ab\u00a0<em>Cadr\u00e9?<\/em>\u00ab\u00a0, \u00ab\u00a0<em>Moteur demand\u00e9<\/em>\u00ab\u00a0.\u00a0On a tourn\u00e9: \u00ab\u00a0<em>Check the gate<\/em>\u00a0\u00bb ou bien \u00ab\u00a0<em>On v\u00e9rifie la fen\u00eatre<\/em>\u00ab\u00a0, \u00ab\u00a0<em>On change d&rsquo;axe<\/em>\u00ab\u00a0, \u00ab\u00a0<em>Il est parti\u00a0avant Action<\/em>\u00ab\u00a0, \u00ab\u00a0<em>Elle brille, on la repoudre<\/em>\u00a0\u00bb ou bien \u00ab\u00a0<em>Retouches maquillage!<\/em>\u00ab\u00a0, \u00ab\u00a0<em>C&rsquo;est coup\u00e9, merci<\/em>\u00ab\u00a0,\u00a0\u00ab\u00a0<em>Elle \u00e9tait au poil, on en refait une en vitesse<\/em>\u00ab\u00a0, \u00ab\u00a0<em>On change de caillou, on passe au cinquante<\/em>\u00ab\u00a0, \u00ab\u00a0<em>On\u00a0recharge<\/em>\u00a0\u00bb ou bien \u00ab\u00a0<em>On change de magasin<\/em>\u00ab\u00a0, \u00ab\u00a0<em>On casse<\/em>\u00a0\u00bb ou \u00ab\u00a0<em>C&rsquo;est caisse<\/em>\u00ab\u00a0, \u00ab\u00a0<em>C&rsquo;est la bonne, on l&rsquo;a<\/em>\u00ab\u00a0,\u00a0\u00ab\u00a0<em>On la double<\/em>\u00ab\u00a0, \u00ab\u00a0<em>On passe au large<\/em>\u00ab\u00a0, \u00ab\u00a0<em>On peut d\u00e9bloquer<\/em>\u00ab\u00a0.\u00a0On parle de l&rsquo;avenir: \u00ab\u00a0<em>Coupure d\u00e9jeuner<\/em>\u00ab\u00a0, \u00ab\u00a0<em>On fera les sons seuls plus tard<\/em>\u00ab\u00a0, \u00ab\u00a0<em>On prendra le caf\u00e9\u00a0sur le plateau<\/em>\u00ab\u00a0, \u00ab\u00a0<em>Le son peut venir plus tard, on commence par des plans muets<\/em>\u00ab\u00a0, \u00ab\u00a0<em>Demain on est\u00a0en mixte<\/em>\u00ab\u00a0, \u00ab\u00a0<em>On va d\u00e9buller le suivant<\/em>\u00ab\u00a0.\u00a0Il reste encore quelques probl\u00e8mes: \u00ab\u00a0<em>Le brol du son est dans le chemin<\/em>\u00ab\u00a0, \u00ab\u00a0<em>On a un projo qui bave\u00a0sur l&rsquo;infini<\/em>\u00ab\u00a0.\u00a0Arrive la phrase finale: \u00ab\u00a0<em>Fin de journ\u00e9e<\/em>\u00ab\u00a0, \u00ab\u00a0<em>Merci \u00e0 tous, vous attendez la feuille de service pour\u00a0demain<\/em>\u00ab\u00a0.\u00a0Cette promenade dans l&rsquo;ambiance sonore du plateau constitue un rituel qui se r\u00e9p\u00e8te d&rsquo;un tournage\u00a0\u00e0 l&rsquo;autre, avec seulement quelques variantes. C&rsquo;est toute la mise en condition de l&rsquo;\u00e9quipe. Les\u00a0gouttes d&rsquo;huile qui font tourner les m\u00e9canismes. Et quand tout tourne bien, n&rsquo;oublions pas que c&rsquo;est\u00a0forc\u00e9ment parce que l&rsquo;assistant a su dire et diriger. Tout cela devait \u00eatre dit.<\/p>\n<p>Philippe Vandendriessche<\/p>\n","protected":false},"excerpt":{"rendered":"<p>Le tournage d&rsquo;un film est un mouvement collectif de cr\u00e9ation. Les sp\u00e9cialistes de l&rsquo;image, du son,\u00a0de la lumi\u00e8re, du d\u00e9cor, des costumes, du maquillage, de la coiffure, tous sont r\u00e9unis autour du r\u00e9alisateur pour\u00a0faire exister un projet sur la pellicule. L&rsquo;\u00e9quipe du film, c&rsquo;est tout un monde de sp\u00e9cialistes,\u00a0organis\u00e9s selon une hi\u00e9rarchie savante pour d\u00e9limiter &hellip; <\/p>\n<p class=\"link-more\"><a href=\"http:\/\/adhocsound.be\/?page_id=54\" class=\"more-link\">Continuer la lecture<span class=\"screen-reader-text\"> de &laquo;&nbsp;\u00ab\u00a0Les Empereurs du Jargon.\u00a0\u00bb&nbsp;&raquo;<\/span><\/a><\/p>\n","protected":false},"author":1,"featured_media":0,"parent":46,"menu_order":0,"comment_status":"closed","ping_status":"open","template":"","meta":{"footnotes":""},"class_list":["post-54","page","type-page","status-publish","hentry"],"_links":{"self":[{"href":"http:\/\/adhocsound.be\/index.php?rest_route=\/wp\/v2\/pages\/54"}],"collection":[{"href":"http:\/\/adhocsound.be\/index.php?rest_route=\/wp\/v2\/pages"}],"about":[{"href":"http:\/\/adhocsound.be\/index.php?rest_route=\/wp\/v2\/types\/page"}],"author":[{"embeddable":true,"href":"http:\/\/adhocsound.be\/index.php?rest_route=\/wp\/v2\/users\/1"}],"replies":[{"embeddable":true,"href":"http:\/\/adhocsound.be\/index.php?rest_route=%2Fwp%2Fv2%2Fcomments&post=54"}],"version-history":[{"count":3,"href":"http:\/\/adhocsound.be\/index.php?rest_route=\/wp\/v2\/pages\/54\/revisions"}],"predecessor-version":[{"id":57,"href":"http:\/\/adhocsound.be\/index.php?rest_route=\/wp\/v2\/pages\/54\/revisions\/57"}],"up":[{"embeddable":true,"href":"http:\/\/adhocsound.be\/index.php?rest_route=\/wp\/v2\/pages\/46"}],"wp:attachment":[{"href":"http:\/\/adhocsound.be\/index.php?rest_route=%2Fwp%2Fv2%2Fmedia&parent=54"}],"curies":[{"name":"wp","href":"https:\/\/api.w.org\/{rel}","templated":true}]}}